{"id":4828,"date":"2021-10-25T10:51:34","date_gmt":"2021-10-25T08:51:34","guid":{"rendered":"https:\/\/beata-pavlicek.de\/kontakt\/"},"modified":"2024-05-27T12:48:50","modified_gmt":"2024-05-27T10:48:50","slug":"kontakt","status":"publish","type":"page","link":"https:\/\/www.beata-pavlicek.de\/pl\/kontakt\/","title":{"rendered":"Kontakt"},"content":{"rendered":"<div class=\"wpb-content-wrapper\"><p>[vc_row tm_bgcolor=&#8221;grey&#8221; tm_bgimagefixed=&#8221;&#8221; full_width=&#8221;stretch_row&#8221; tm_responsive_css=&#8221;55774027|colbreak_no|||||||||colbreak_no|||||40px||||colbreak_no|||||0px||0px|||colbreak_no|||||||||&#8221;][vc_column width=&#8221;2\/3&#8243;][vc_row_inner equal_height=&#8221;yes&#8221;][vc_column_inner tm_bgcolor=&#8221;skincolor&#8221; width=&#8221;1\/2&#8243; css=&#8221;.vc_custom_1554809652631{padding-top: 30px !important;padding-right: 30px !important;padding-bottom: 30px !important;padding-left: 30px !important;}&#8221;]<div class=\"tm-sbox tm-sbox-iconalign-without-icon none tm-sbox-bgcolor-transparent tm-bgcolor-transparent tm-sbox-textcolor- tm-textcolor- tm-sbox-isize-md tm-sbox-isize-md tm-sbox-istyle-none  tm-sbox-heading-only\"><section class=\"tm-vc_cta3-container\"><div class=\"tm-vc_general tm-vc_cta3 tm-vc_cta3-align-left tm-vc_cta3-icon-size-md tm-vc_cta3-icons-withouticon tm-vc_cta3-actions-no\"><div class=\"tm-vc_cta3_content-container\"><div class=\"tm-vc_cta3-content\"><div class=\"tm-vc_cta3-content-header tm-wrap\"><div class=\"tm-vc_cta3-headers tm-wrap-cell\"><h2 style=\"font-size:22px;line-height:32px;\" class=\"tm-custom-heading \" >M\u00f3j adres<\/h2>\n<\/div><\/div><\/div><div class=\"tm-cta3-desc-btn-wrapper\"><div class=\"tm-cta3-description\"><div class=\"tm-cta3-content-wrapper\"><p>Moja praktyka<\/p>\n<p>Bergedorfer Markt 2<\/p>\n<p>21029 Hamburg<\/p><\/div><\/div><\/div><\/div><\/div><\/section><\/div>[\/vc_column_inner][vc_column_inner tm_textcolor=&#8221;white&#8221; tm_bgcolor=&#8221;skincolor&#8221; width=&#8221;1\/2&#8243; css=&#8221;.vc_custom_1555667342606{margin-left: 15px !important;padding-top: 30px !important;padding-right: 30px !important;padding-bottom: 30px !important;padding-left: 30px !important;}&#8221; tm_responsive_css=&#8221;98557135|colbreak_no|||||||||colbreak_no|||||||||colbreak_no||||0px|0px|||||colbreak_no|||||||||&#8221;]<h2 style=\"text-align:left;font-size:22px;line-height:32px;\" class=\"tm-custom-heading \" >Umawianie termin\u00f3w<\/h2>\n<ul class=\"nutrico_contact_widget_wrapper themetechmount_vc_contact_wrapper vc_custom_1609797133065\"><li class=\"themetechmount-contact-phonenumber tm-nutrico-icon-mobile\">+49 (176) 503 573 05<\/li><li class=\"themetechmount-contact-email tm-nutrico-icon-comment-1\"><a href=\"mailto:info@beata-pavlicek.de\">info@beata-pavlicek.de<\/a><\/li><li class=\"themetechmount-contact-website tm-nutrico-icon-world\"><a href=\"https:\/\/beata-pavlicek.de\">https:\/\/beata-pavlicek.de<\/a><\/li><\/ul>[\/vc_column_inner][\/vc_row_inner][\/vc_column][vc_column width=&#8221;1\/3&#8243;][\/vc_column][\/vc_row][vc_row tm_bgcolor=&#8221;white&#8221; tm_bgimagefixed=&#8221;&#8221; full_width=&#8221;stretch_row&#8221; css=&#8221;.vc_custom_1554809633531{padding-top: 0px !important;padding-bottom: 30px !important;}&#8221;][vc_column width=&#8221;2\/3&#8243; css=&#8221;.vc_custom_1554809957854{padding-top: 50px !important;}&#8221;]<h2 style=\"text-align:left;font-size:23px;line-height:32px;\" class=\"tm-custom-heading \" >Macie pytania<\/h2>\n<p style=\"text-align:left;\" class=\"tm-custom-heading vc_custom_1635801278309\" >Mo\u017cna si\u0119 ze mn\u0105 skontaktowa\u0107 pod wy\u017cej wymienionymi danymi.<\/p>\n[vc_row_inner css=&#8221;.vc_custom_1554810663399{padding-top: 15px !important;}&#8221;][vc_column_inner]<h2 style=\"text-align:left;font-size:22px;line-height:32px;\" class=\"tm-custom-heading tm-skincolor \" >Dyplomowany dietetyk<\/h2>\n<h4 style=\"text-align:left;font-size:18px;line-height:22px;\" class=\"tm-custom-heading \" >Beata Pavlicek<\/h4>\n<p style=\"text-align:left;\" class=\"tm-custom-heading \" >Telefon: +49 (176) 503 573 05<br \/>\nEmail: info@beata-pavlicek.de<\/p>\n[\/vc_column_inner][\/vc_row_inner][\/vc_column][vc_column tm_shadow=&#8221;yes&#8221; width=&#8221;1\/3&#8243; css=&#8221;.vc_custom_1555667409562{margin-left: 15px !important;padding-top: 25px !important;padding-right: 25px !important;padding-bottom: 25px !important;padding-left: 25px !important;}&#8221; tm_responsive_css=&#8221;55326518|colbreak_no|||||||||colbreak_no|||||||||colbreak_no||||0px||||||colbreak_no|||||||||&#8221;][vc_row_inner tm_shadow=&#8221;yes&#8221; css=&#8221;.vc_custom_1557308708645{margin-top: -348px !important;padding-top: 30px !important;padding-right: 15px !important;padding-bottom: 30px !important;padding-left: 15px !important;}&#8221; el_class=&#8221;tm-bgcolor-white&#8221; tm_responsive_css=&#8221;94297774|colbreak_no|||||||||colbreak_no|||||||||colbreak_no|0px|||||||||colbreak_no|||||||||&#8221;][vc_column_inner]<h2 style=\"text-align:left;font-size:22px;line-height:32px;\" class=\"tm-custom-heading \" >Wy\u015blij mi wiadomo\u015b\u0107<\/h2>\n<p style=\"text-align:left;\" class=\"tm-custom-heading vc_custom_1635801383916\" >Zwykle odpowiadam w ci\u0105gu 24 godzin.<\/p>\n\n<div class=\"wpcf7 no-js\" id=\"wpcf7-f5738-o1\" lang=\"pl-PL\" dir=\"ltr\" data-wpcf7-id=\"5738\">\n<div class=\"screen-reader-response\"><p role=\"status\" aria-live=\"polite\" aria-atomic=\"true\"><\/p> <ul><\/ul><\/div>\n<form action=\"\/pl\/wp-json\/wp\/v2\/pages\/4828#wpcf7-f5738-o1\" method=\"post\" class=\"wpcf7-form init\" aria-label=\"Formularz kontaktowy\" novalidate=\"novalidate\" data-status=\"init\">\n<fieldset class=\"hidden-fields-container\"><input type=\"hidden\" name=\"_wpcf7\" value=\"5738\" \/><input type=\"hidden\" name=\"_wpcf7_version\" value=\"6.1.5\" \/><input type=\"hidden\" name=\"_wpcf7_locale\" value=\"pl_PL\" \/><input type=\"hidden\" name=\"_wpcf7_unit_tag\" value=\"wpcf7-f5738-o1\" \/><input type=\"hidden\" name=\"_wpcf7_container_post\" value=\"0\" \/><input type=\"hidden\" name=\"_wpcf7_posted_data_hash\" value=\"\" \/><input type=\"hidden\" name=\"_wpcf7_recaptcha_response\" value=\"\" \/>\n<\/fieldset>\n<div class=\"tm-commonform tm-contactpage-form\">\n\t<div class=\"row\">\n\t\t<div class=\"col-md-12\">\n\t\t\t<p><span class=\"wpcf7-form-control-wrap\" data-name=\"your-name\"><input size=\"40\" maxlength=\"400\" class=\"wpcf7-form-control wpcf7-text wpcf7-validates-as-required\" aria-required=\"true\" aria-invalid=\"false\" placeholder=\"Nazwa\" value=\"\" type=\"text\" name=\"your-name\" \/><\/span>\n\t\t\t<\/p>\n\t\t<\/div>\n\t\t<div class=\"col-md-12\">\n\t\t\t<p><span class=\"wpcf7-form-control-wrap\" data-name=\"your-email\"><input size=\"40\" maxlength=\"400\" class=\"wpcf7-form-control wpcf7-email wpcf7-validates-as-required wpcf7-text wpcf7-validates-as-email\" aria-required=\"true\" aria-invalid=\"false\" placeholder=\"E-mail\" value=\"\" type=\"email\" name=\"your-email\" \/><\/span>\n\t\t\t<\/p>\n\t\t<\/div>\n\t\t<div class=\"col-md-12\">\n\t\t\t<p><span class=\"wpcf7-form-control-wrap\" data-name=\"your-phone\"><input size=\"40\" maxlength=\"400\" class=\"wpcf7-form-control wpcf7-text wpcf7-validates-as-required\" aria-required=\"true\" aria-invalid=\"false\" placeholder=\"Telefon\" value=\"\" type=\"text\" name=\"your-phone\" \/><\/span>\n\t\t\t<\/p>\n\t\t<\/div>\n\t\t<div class=\"col-md-12\">\n\t\t\t<p><span class=\"wpcf7-form-control-wrap\" data-name=\"your-sub\"><input size=\"40\" maxlength=\"400\" class=\"wpcf7-form-control wpcf7-text wpcf7-validates-as-required\" aria-required=\"true\" aria-invalid=\"false\" placeholder=\"Przedmiot\" value=\"\" type=\"text\" name=\"your-sub\" \/><\/span>\n\t\t\t<\/p>\n\t\t<\/div>\n\t\t<div class=\"col-md-12\">\n\t\t\t<p><span class=\"wpcf7-form-control-wrap\" data-name=\"your-message\"><textarea cols=\"40\" rows=\"5\" maxlength=\"2000\" class=\"wpcf7-form-control wpcf7-textarea wpcf7-validates-as-required\" aria-required=\"true\" aria-invalid=\"false\" placeholder=\"Twoja wiadomo\u015b\u0107 do mnie\" name=\"your-message\"><\/textarea><\/span>\n\t\t\t<\/p>\n\t\t<\/div>\n\t<\/div>\n\t<div class=\"tm-btn-class\">\n\t\t<p><input class=\"wpcf7-form-control wpcf7-submit has-spinner tm-vc_general tm-vc_btn3 tm-vc_btn3-style-flat tm-vc_btn3-shape-round tm-vc_btn3-color-skincolor\" type=\"submit\" value=\"SUBMIT\" \/><br \/>\n\t\t<div class=\"wpcf7-response-output\" aria-hidden=\"true\"><\/div>\n\t<\/div>\n<\/div>\n<\/form>\n<\/div>\n[\/vc_column_inner][\/vc_row_inner][\/vc_column][\/vc_row][vc_row tm_bgimagefixed=&#8221;&#8221; full_width=&#8221;stretch_row_content_no_spaces&#8221; css=&#8221;.vc_custom_1554810788097{padding-top: 0px !important;padding-bottom: 0px !important;}&#8221;][vc_column][vc_gmaps link=&#8221;#E-8_JTNDaWZyYW1lJTIwc3JjJTNEJTIyaHR0cHMlM0ElMkYlMkZ3d3cuZ29vZ2xlLmNvbSUyRm1hcHMlMkZlbWJlZCUzRnBiJTNEJTIxMW0xOCUyMTFtMTIlMjExbTMlMjExZDE3NjMuMDY2OTM0MjA2NjAxMiUyMTJkMTAuMjEwMDQwMDE1Nzk4MjcyJTIxM2Q1My40ODgyNzUwMjc4MjI0MDQlMjEybTMlMjExZjAlMjEyZjAlMjEzZjAlMjEzbTIlMjExaTEwMjQlMjEyaTc2OCUyMTRmMTMuMSUyMTNtMyUyMTFtMiUyMTFzMHg0N2IxZjI4OTIyMTJjZDg5JTI1M0EweDM2NGYzYTAwNmQxNTk0NTklMjEyc0JlcmdlZG9yZmVyJTI1MjBNYXJrdCUyNTIwMiUyNTJDJTI1MjAyMTAyOSUyNTIwSGFtYnVyZyUyMTVlMCUyMTNtMiUyMTFzZGUlMjEyc2RlJTIxNHYxNjA5Nzk2OTM0NTQwJTIxNW0yJTIxMXNkZSUyMTJzZGUlMjIlMjB3aWR0aCUzRCUyMjYwMCUyMiUyMGhlaWdodCUzRCUyMjQ1MCUyMiUyMGZyYW1lYm9yZGVyJTNEJTIyMCUyMiUyMHN0eWxlJTNEJTIyYm9yZGVyJTNBMCUzQiUyMiUyMGFsbG93ZnVsbHNjcmVlbiUzRCUyMiUyMiUyMGFyaWEtaGlkZGVuJTNEJTIyZmFsc2UlMjIlMjB0YWJpbmRleCUzRCUyMjAlMjIlM0UlM0MlMkZpZnJhbWUlM0U=&#8221; css=&#8221;.vc_custom_1609796962232{margin-bottom: 0px !important;}&#8221;][\/vc_column][\/vc_row]<\/p>\n<\/div>","protected":false},"excerpt":{"rendered":"<p>[vc_row tm_bgcolor=&#8221;grey&#8221; tm_bgimagefixed=&#8221;&#8221; full_width=&#8221;stretch_row&#8221; tm_responsive_css=&#8221;55774027|colbreak_no|||||||||colbreak_no|||||40px||||colbreak_no|||||0px||0px|||colbreak_no|||||||||&#8221;][vc_column width=&#8221;2\/3&#8243;][vc_row_inner equal_height=&#8221;yes&#8221;][vc_column_inner tm_bgcolor=&#8221;skincolor&#8221; width=&#8221;1\/2&#8243; css=&#8221;.vc_custom_1554809652631{padding-top: 30px !important;padding-right: 30px !important;padding-bottom: 30px !important;padding-left: 30px !important;}&#8221;][\/vc_column_inner][vc_column_inner tm_textcolor=&#8221;white&#8221; tm_bgcolor=&#8221;skincolor&#8221; width=&#8221;1\/2&#8243; css=&#8221;.vc_custom_1555667342606{margin-left: 15px !important;padding-top: 30px !important;padding-right: 30px !important;padding-bottom: 30px !important;padding-left: 30px !important;}&#8221; tm_responsive_css=&#8221;98557135|colbreak_no|||||||||colbreak_no|||||||||colbreak_no||||0px|0px|||||colbreak_no|||||||||&#8221;][\/vc_column_inner][\/vc_row_inner][\/vc_column][vc_column width=&#8221;1\/3&#8243;][\/vc_column][\/vc_row][vc_row tm_bgcolor=&#8221;white&#8221; tm_bgimagefixed=&#8221;&#8221; full_width=&#8221;stretch_row&#8221; css=&#8221;.vc_custom_1554809633531{padding-top: 0px !important;padding-bottom: 30px !important;}&#8221;][vc_column width=&#8221;2\/3&#8243; css=&#8221;.vc_custom_1554809957854{padding-top: 50px !important;}&#8221;][vc_row_inner css=&#8221;.vc_custom_1554810663399{padding-top: 15px !important;}&#8221;][vc_column_inner][\/vc_column_inner][\/vc_row_inner][\/vc_column][vc_column tm_shadow=&#8221;yes&#8221; width=&#8221;1\/3&#8243; css=&#8221;.vc_custom_1555667409562{margin-left: 15px !important;padding-top: 25px &hellip; <a href=\"https:\/\/www.beata-pavlicek.de\/pl\/kontakt\/\" class=\"more-link\">Continue reading <span class=\"screen-reader-text\">Kontakt<\/span><\/a><\/p>\n","protected":false},"author":1,"featured_media":0,"parent":0,"menu_order":13,"comment_status":"closed","ping_status":"closed","template":"","meta":{"footnotes":""},"class_list":["post-4828","page","type-page","status-publish","hentry"],"yoast_head":"<!-- This site is optimized with the Yoast SEO Premium plugin v24.5 (Yoast SEO v27.4) - https:\/\/yoast.com\/product\/yoast-seo-premium-wordpress\/ -->\n<title>Kontakt - Poradnictwo \u017cywieniowe Beata Pavlicek<\/title>\n<meta name=\"robots\" content=\"index, follow, max-snippet:-1, max-image-preview:large, max-video-preview:-1\" \/>\n<link rel=\"canonical\" href=\"https:\/\/www.beata-pavlicek.de\/pl\/kontakt\/\" \/>\n<meta property=\"og:locale\" content=\"pl_PL\" \/>\n<meta property=\"og:type\" content=\"article\" \/>\n<meta property=\"og:title\" content=\"Kontakt\" \/>\n<meta property=\"og:description\" content=\"[vc_row tm_bgcolor=&#8221;grey&#8221; tm_bgimagefixed=&#8221;&#8221; full_width=&#8221;stretch_row&#8221; tm_responsive_css=&#8221;55774027|colbreak_no|||||||||colbreak_no|||||40px||||colbreak_no|||||0px||0px|||colbreak_no|||||||||&#8221;][vc_column width=&#8221;2\/3&#8243;][vc_row_inner equal_height=&#8221;yes&#8221;][vc_column_inner tm_bgcolor=&#8221;skincolor&#8221; width=&#8221;1\/2&#8243; css=&#8221;.vc_custom_1554809652631{padding-top: 30px !important;padding-right: 30px !important;padding-bottom: 30px !important;padding-left: 30px !important;}&#8221;][\/vc_column_inner][vc_column_inner tm_textcolor=&#8221;white&#8221; tm_bgcolor=&#8221;skincolor&#8221; width=&#8221;1\/2&#8243; css=&#8221;.vc_custom_1555667342606{margin-left: 15px !important;padding-top: 30px !important;padding-right: 30px !important;padding-bottom: 30px !important;padding-left: 30px !important;}&#8221; tm_responsive_css=&#8221;98557135|colbreak_no|||||||||colbreak_no|||||||||colbreak_no||||0px|0px|||||colbreak_no|||||||||&#8221;][\/vc_column_inner][\/vc_row_inner][\/vc_column][vc_column width=&#8221;1\/3&#8243;][\/vc_column][\/vc_row][vc_row tm_bgcolor=&#8221;white&#8221; tm_bgimagefixed=&#8221;&#8221; full_width=&#8221;stretch_row&#8221; css=&#8221;.vc_custom_1554809633531{padding-top: 0px !important;padding-bottom: 30px !important;}&#8221;][vc_column width=&#8221;2\/3&#8243; css=&#8221;.vc_custom_1554809957854{padding-top: 50px !important;}&#8221;][vc_row_inner css=&#8221;.vc_custom_1554810663399{padding-top: 15px !important;}&#8221;][vc_column_inner][\/vc_column_inner][\/vc_row_inner][\/vc_column][vc_column tm_shadow=&#8221;yes&#8221; width=&#8221;1\/3&#8243; css=&#8221;.vc_custom_1555667409562{margin-left: 15px !important;padding-top: 25px &hellip; Continue reading Kontakt\" \/>\n<meta property=\"og:url\" content=\"https:\/\/www.beata-pavlicek.de\/pl\/kontakt\/\" \/>\n<meta property=\"og:site_name\" content=\"Poradnictwo \u017cywieniowe Beata Pavlicek\" \/>\n<meta property=\"article:modified_time\" content=\"2024-05-27T10:48:50+00:00\" \/>\n<meta name=\"twitter:card\" content=\"summary_large_image\" \/>\n<meta name=\"twitter:label1\" content=\"Szacowany czas czytania\" \/>\n\t<meta name=\"twitter:data1\" content=\"1 minuta\" \/>\n<script type=\"application\/ld+json\" class=\"yoast-schema-graph\">{\"@context\":\"https:\\\/\\\/schema.org\",\"@graph\":[{\"@type\":\"WebPage\",\"@id\":\"https:\\\/\\\/www.beata-pavlicek.de\\\/pl\\\/kontakt\\\/\",\"url\":\"https:\\\/\\\/www.beata-pavlicek.de\\\/pl\\\/kontakt\\\/\",\"name\":\"Kontakt - Poradnictwo \u017cywieniowe Beata Pavlicek\",\"isPartOf\":{\"@id\":\"https:\\\/\\\/www.beata-pavlicek.de\\\/pl\\\/#website\"},\"datePublished\":\"2021-10-25T08:51:34+00:00\",\"dateModified\":\"2024-05-27T10:48:50+00:00\",\"breadcrumb\":{\"@id\":\"https:\\\/\\\/www.beata-pavlicek.de\\\/pl\\\/kontakt\\\/#breadcrumb\"},\"inLanguage\":\"pl-PL\",\"potentialAction\":[{\"@type\":\"ReadAction\",\"target\":[\"https:\\\/\\\/www.beata-pavlicek.de\\\/pl\\\/kontakt\\\/\"]}]},{\"@type\":\"BreadcrumbList\",\"@id\":\"https:\\\/\\\/www.beata-pavlicek.de\\\/pl\\\/kontakt\\\/#breadcrumb\",\"itemListElement\":[{\"@type\":\"ListItem\",\"position\":1,\"name\":\"Startseite\",\"item\":\"https:\\\/\\\/www.beata-pavlicek.de\\\/pl\\\/\"},{\"@type\":\"ListItem\",\"position\":2,\"name\":\"Kontakt\"}]},{\"@type\":\"WebSite\",\"@id\":\"https:\\\/\\\/www.beata-pavlicek.de\\\/pl\\\/#website\",\"url\":\"https:\\\/\\\/www.beata-pavlicek.de\\\/pl\\\/\",\"name\":\"Ernaehrungsberatung Beata Pavlicek\",\"description\":\"Poradnictwo \u017cywieniowe Beata Pavlicek\",\"potentialAction\":[{\"@type\":\"SearchAction\",\"target\":{\"@type\":\"EntryPoint\",\"urlTemplate\":\"https:\\\/\\\/www.beata-pavlicek.de\\\/pl\\\/?s={search_term_string}\"},\"query-input\":{\"@type\":\"PropertyValueSpecification\",\"valueRequired\":true,\"valueName\":\"search_term_string\"}}],\"inLanguage\":\"pl-PL\"}]}<\/script>\n<!-- \/ Yoast SEO Premium plugin. -->","yoast_head_json":{"title":"Kontakt - Poradnictwo \u017cywieniowe Beata Pavlicek","robots":{"index":"index","follow":"follow","max-snippet":"max-snippet:-1","max-image-preview":"max-image-preview:large","max-video-preview":"max-video-preview:-1"},"canonical":"https:\/\/www.beata-pavlicek.de\/pl\/kontakt\/","og_locale":"pl_PL","og_type":"article","og_title":"Kontakt","og_description":"[vc_row tm_bgcolor=&#8221;grey&#8221; tm_bgimagefixed=&#8221;&#8221; full_width=&#8221;stretch_row&#8221; tm_responsive_css=&#8221;55774027|colbreak_no|||||||||colbreak_no|||||40px||||colbreak_no|||||0px||0px|||colbreak_no|||||||||&#8221;][vc_column width=&#8221;2\/3&#8243;][vc_row_inner equal_height=&#8221;yes&#8221;][vc_column_inner tm_bgcolor=&#8221;skincolor&#8221; width=&#8221;1\/2&#8243; css=&#8221;.vc_custom_1554809652631{padding-top: 30px !important;padding-right: 30px !important;padding-bottom: 30px !important;padding-left: 30px !important;}&#8221;][\/vc_column_inner][vc_column_inner tm_textcolor=&#8221;white&#8221; tm_bgcolor=&#8221;skincolor&#8221; width=&#8221;1\/2&#8243; css=&#8221;.vc_custom_1555667342606{margin-left: 15px !important;padding-top: 30px !important;padding-right: 30px !important;padding-bottom: 30px !important;padding-left: 30px !important;}&#8221; tm_responsive_css=&#8221;98557135|colbreak_no|||||||||colbreak_no|||||||||colbreak_no||||0px|0px|||||colbreak_no|||||||||&#8221;][\/vc_column_inner][\/vc_row_inner][\/vc_column][vc_column width=&#8221;1\/3&#8243;][\/vc_column][\/vc_row][vc_row tm_bgcolor=&#8221;white&#8221; tm_bgimagefixed=&#8221;&#8221; full_width=&#8221;stretch_row&#8221; css=&#8221;.vc_custom_1554809633531{padding-top: 0px !important;padding-bottom: 30px !important;}&#8221;][vc_column width=&#8221;2\/3&#8243; css=&#8221;.vc_custom_1554809957854{padding-top: 50px !important;}&#8221;][vc_row_inner css=&#8221;.vc_custom_1554810663399{padding-top: 15px !important;}&#8221;][vc_column_inner][\/vc_column_inner][\/vc_row_inner][\/vc_column][vc_column tm_shadow=&#8221;yes&#8221; width=&#8221;1\/3&#8243; css=&#8221;.vc_custom_1555667409562{margin-left: 15px !important;padding-top: 25px &hellip; Continue reading Kontakt","og_url":"https:\/\/www.beata-pavlicek.de\/pl\/kontakt\/","og_site_name":"Poradnictwo \u017cywieniowe Beata Pavlicek","article_modified_time":"2024-05-27T10:48:50+00:00","twitter_card":"summary_large_image","twitter_misc":{"Szacowany czas czytania":"1 minuta"},"schema":{"@context":"https:\/\/schema.org","@graph":[{"@type":"WebPage","@id":"https:\/\/www.beata-pavlicek.de\/pl\/kontakt\/","url":"https:\/\/www.beata-pavlicek.de\/pl\/kontakt\/","name":"Kontakt - Poradnictwo \u017cywieniowe Beata Pavlicek","isPartOf":{"@id":"https:\/\/www.beata-pavlicek.de\/pl\/#website"},"datePublished":"2021-10-25T08:51:34+00:00","dateModified":"2024-05-27T10:48:50+00:00","breadcrumb":{"@id":"https:\/\/www.beata-pavlicek.de\/pl\/kontakt\/#breadcrumb"},"inLanguage":"pl-PL","potentialAction":[{"@type":"ReadAction","target":["https:\/\/www.beata-pavlicek.de\/pl\/kontakt\/"]}]},{"@type":"BreadcrumbList","@id":"https:\/\/www.beata-pavlicek.de\/pl\/kontakt\/#breadcrumb","itemListElement":[{"@type":"ListItem","position":1,"name":"Startseite","item":"https:\/\/www.beata-pavlicek.de\/pl\/"},{"@type":"ListItem","position":2,"name":"Kontakt"}]},{"@type":"WebSite","@id":"https:\/\/www.beata-pavlicek.de\/pl\/#website","url":"https:\/\/www.beata-pavlicek.de\/pl\/","name":"Ernaehrungsberatung Beata Pavlicek","description":"Poradnictwo \u017cywieniowe Beata Pavlicek","potentialAction":[{"@type":"SearchAction","target":{"@type":"EntryPoint","urlTemplate":"https:\/\/www.beata-pavlicek.de\/pl\/?s={search_term_string}"},"query-input":{"@type":"PropertyValueSpecification","valueRequired":true,"valueName":"search_term_string"}}],"inLanguage":"pl-PL"}]}},"_links":{"self":[{"href":"https:\/\/www.beata-pavlicek.de\/pl\/wp-json\/wp\/v2\/pages\/4828","targetHints":{"allow":["GET"]}}],"collection":[{"href":"https:\/\/www.beata-pavlicek.de\/pl\/wp-json\/wp\/v2\/pages"}],"about":[{"href":"https:\/\/www.beata-pavlicek.de\/pl\/wp-json\/wp\/v2\/types\/page"}],"author":[{"embeddable":true,"href":"https:\/\/www.beata-pavlicek.de\/pl\/wp-json\/wp\/v2\/users\/1"}],"replies":[{"embeddable":true,"href":"https:\/\/www.beata-pavlicek.de\/pl\/wp-json\/wp\/v2\/comments?post=4828"}],"version-history":[{"count":1,"href":"https:\/\/www.beata-pavlicek.de\/pl\/wp-json\/wp\/v2\/pages\/4828\/revisions"}],"predecessor-version":[{"id":5951,"href":"https:\/\/www.beata-pavlicek.de\/pl\/wp-json\/wp\/v2\/pages\/4828\/revisions\/5951"}],"wp:attachment":[{"href":"https:\/\/www.beata-pavlicek.de\/pl\/wp-json\/wp\/v2\/media?parent=4828"}],"curies":[{"name":"wp","href":"https:\/\/api.w.org\/{rel}","templated":true}]}}