{"id":4837,"date":"2021-10-25T10:51:43","date_gmt":"2021-10-25T08:51:43","guid":{"rendered":"https:\/\/beata-pavlicek.de\/przykladowa-strona\/"},"modified":"2024-09-15T16:15:50","modified_gmt":"2024-09-15T14:15:50","slug":"przykladowa-strona","status":"publish","type":"page","link":"https:\/\/www.beata-pavlicek.de\/pl\/przykladowa-strona\/","title":{"rendered":"Nadruk"},"content":{"rendered":"<div class=\"wpb-content-wrapper\"><p>[vc_row][vc_column][vc_column_text css=&#8221;&#8221;]<\/p>\n<p>\nInformationspflicht laut \u00a7 5 DDG.\n<p>\nBeata Pavlicek\n<p>\nBergedorfer Markt 2\n<p>\n21029 Hamburg\n<p>\nDeutschland\n<p>\n<strong>Tel.:<\/strong> +49 (176) 503 573 05<br\/><strong>E-Mail:<\/strong> <a href=\"mailto:info@beata-pavlicek.de\">info@beata-pavlicek.de<\/a>\n<p>\n<strong>Aufsichtsbeh\u00f6rde<\/strong><br\/>Der Hamburgische Beauftragte f\u00fcr Datenschutz und Informationsfreiheit<br\/><strong>Webseite der Aufsichtsbeh\u00f6rde<\/strong><br\/><a href=\"https:\/\/www.datenschutz-hamburg.de\/\" target=\"_blank\" rel=\"noreferrer noopener\">https:\/\/www.datenschutz-hamburg.de\/<\/a><br\/><strong>Anschrift der Aufsichtsbeh\u00f6rde<\/strong><br\/>Klosterwall 6 (Block C), 20095 Hamburg\n\n<h3 class=\"wp-block-heading\">Rozwi\u0105zywanie spor\u00f3w w UE<\/h3>\n<p>\nGem\u00e4\u00df Verordnung \u00fcber Online-Streitbeilegung in Verbraucherangelegenheiten (ODR-Verordnung) m\u00f6chten wir Sie \u00fcber die Online-Streitbeilegungsplattform (OS-Plattform) informieren.<br\/>Verbraucher haben die M\u00f6glichkeit, Beschwerden an die Online Streitbeilegungsplattform der Europ\u00e4ischen Kommission unter <a href=\"https:\/\/ec.europa.eu\/consumers\/odr\/main\/index.cfm?event=main.home2.show&amp;lng=DE\" target=\"_blank\" rel=\"noreferrer noopener\">http:\/\/ec.europa.eu\/odr?tid=321128546<\/a> zu richten. Die daf\u00fcr notwendigen Kontaktdaten finden Sie oberhalb in unserem Impressum.\n<p>\nWir m\u00f6chten Sie jedoch darauf hinweisen, dass wir nicht bereit oder verpflichtet sind, an Streitbeilegungsverfahren vor einer Verbraucherschlichtungsstelle teilzunehmen.\n\n<h3 class=\"wp-block-heading\">Odpowiedzialno\u015b\u0107 za tre\u015bci zawarte na tej stronie<\/h3>\n<p>\nWir entwickeln die Inhalte dieser Webseite st\u00e4ndig weiter und bem\u00fchen uns korrekte und aktuelle Informationen bereitzustellen. Laut Telemediengesetz <a href=\"https:\/\/www.gesetze-im-internet.de\/tmg\/__7.html?tid=321128546\" target=\"_blank\" rel=\"noreferrer noopener\">(TMG) \u00a77 (1)<\/a> sind wir als Diensteanbieter f\u00fcr eigene Informationen, die wir zur Nutzung bereitstellen, nach den allgemeinen Gesetzen verantwortlich. Leider k\u00f6nnen wir keine Haftung f\u00fcr die Korrektheit aller Inhalte auf dieser Webseite \u00fcbernehmen, speziell f\u00fcr jene die seitens Dritter bereitgestellt wurden. Als Diensteanbieter im Sinne der \u00a7\u00a7 8 bis 10 sind wir nicht verpflichtet, die von ihnen \u00fcbermittelten oder gespeicherten Informationen zu \u00fcberwachen oder nach Umst\u00e4nden zu forschen, die auf eine rechtswidrige T\u00e4tigkeit hinweisen.\n<p>\nUnsere Verpflichtungen zur Entfernung von Informationen oder zur Sperrung der Nutzung von Informationen nach den allgemeinen Gesetzen aufgrund von gerichtlichen oder beh\u00f6rdlichen Anordnungen bleiben auch im Falle unserer Nichtverantwortlichkeit nach den \u00a7\u00a7 8 bis 10 unber\u00fchrt.\n<p>\nSollten Ihnen problematische oder rechtswidrige Inhalte auffallen, bitte wir Sie uns umgehend zu kontaktieren, damit wir die rechtswidrigen Inhalte entfernen k\u00f6nnen. Sie finden die Kontaktdaten im Impressum.\n\n<h3 class=\"wp-block-heading\">Odpowiedzialno\u015b\u0107 za linki na tej stronie<\/h3>\n<p>\nUnsere Webseite enth\u00e4lt Links zu anderen Webseiten f\u00fcr deren Inhalt wir nicht verantwortlich sind. Haftung f\u00fcr verlinkte Websites besteht f\u00fcr uns nicht, da wir keine Kenntnis rechtswidriger T\u00e4tigkeiten hatten und haben, uns solche Rechtswidrigkeiten auch bisher nicht aufgefallen sind und wir Links sofort entfernen w\u00fcrden, wenn uns Rechtswidrigkeiten bekannt werden.\n<p>\nWenn Ihnen rechtswidrige Links auf unserer Website auffallen, bitte wir Sie uns zu kontaktieren. Sie finden die Kontaktdaten im Impressum.\n\n<h3 class=\"wp-block-heading\">Informacja o prawach autorskich<\/h3>\n<p>\nAlle Inhalte dieser Webseite (Bilder, Fotos, Texte, Videos) unterliegen dem Urheberrecht der Bundesrepublik Deutschland. Bitte fragen Sie uns bevor Sie die Inhalte dieser Website verbreiten, vervielf\u00e4ltigen oder verwerten wie zum Beispiel auf anderen Websites erneut ver\u00f6ffentlichen. Falls notwendig, werden wir die unerlaubte Nutzung von Teilen der Inhalte unserer Seite rechtlich verfolgen.\n<p>\nSollten Sie auf dieser Webseite Inhalte finden, die das Urheberrecht verletzen, bitten wir Sie uns zu kontaktieren.\n\n<h3 class=\"wp-block-heading\">Kredyty do zdj\u0119\u0107<\/h3>\n<p>\nDie Bilder, Fotos und Grafiken auf dieser Webseite sind urheberrechtlich gesch\u00fctzt.\n<p>\nDie Bilderrechte liegen bei unser Unternehmen.\n<p>&nbsp;<\/p>\n<p>[\/vc_column_text][\/vc_column][\/vc_row]<\/p>\n<\/div>","protected":false},"excerpt":{"rendered":"<p>[vc_row][vc_column][vc_column_text css=&#8221;&#8221;] Informationspflicht laut \u00a7 5 DDG. Beata Pavlicek Bergedorfer Markt 2 21029 Hamburg Deutschland Tel.: +49 (176) 503 573 05E-Mail: info@beata-pavlicek.de Aufsichtsbeh\u00f6rdeDer Hamburgische Beauftragte f\u00fcr Datenschutz und InformationsfreiheitWebseite der Aufsichtsbeh\u00f6rdehttps:\/\/www.datenschutz-hamburg.de\/Anschrift der Aufsichtsbeh\u00f6rdeKlosterwall 6 (Block C), 20095 Hamburg Rozwi\u0105zywanie spor\u00f3w w UE Gem\u00e4\u00df Verordnung \u00fcber Online-Streitbeilegung in Verbraucherangelegenheiten (ODR-Verordnung) m\u00f6chten wir Sie \u00fcber die Online-Streitbeilegungsplattform &hellip; <a href=\"https:\/\/www.beata-pavlicek.de\/pl\/przykladowa-strona\/\" class=\"more-link\">Continue reading <span class=\"screen-reader-text\">Nadruk<\/span><\/a><\/p>\n","protected":false},"author":1,"featured_media":0,"parent":0,"menu_order":0,"comment_status":"closed","ping_status":"closed","template":"","meta":{"footnotes":""},"class_list":["post-4837","page","type-page","status-publish","hentry"],"yoast_head":"<!-- This site is optimized with the Yoast SEO Premium plugin v24.5 (Yoast SEO v27.3) - https:\/\/yoast.com\/product\/yoast-seo-premium-wordpress\/ -->\n<title>Nadruk - Poradnictwo \u017cywieniowe Beata Pavlicek<\/title>\n<meta name=\"robots\" content=\"index, follow, max-snippet:-1, max-image-preview:large, max-video-preview:-1\" \/>\n<link rel=\"canonical\" href=\"https:\/\/www.beata-pavlicek.de\/pl\/przykladowa-strona\/\" \/>\n<meta property=\"og:locale\" content=\"pl_PL\" \/>\n<meta property=\"og:type\" content=\"article\" \/>\n<meta property=\"og:title\" content=\"Nadruk\" \/>\n<meta property=\"og:description\" content=\"[vc_row][vc_column][vc_column_text css=&#8221;&#8221;] Informationspflicht laut \u00a7 5 DDG. Beata Pavlicek Bergedorfer Markt 2 21029 Hamburg Deutschland Tel.: +49 (176) 503 573 05E-Mail: info@beata-pavlicek.de Aufsichtsbeh\u00f6rdeDer Hamburgische Beauftragte f\u00fcr Datenschutz und InformationsfreiheitWebseite der Aufsichtsbeh\u00f6rdehttps:\/\/www.datenschutz-hamburg.de\/Anschrift der Aufsichtsbeh\u00f6rdeKlosterwall 6 (Block C), 20095 Hamburg Rozwi\u0105zywanie spor\u00f3w w UE Gem\u00e4\u00df Verordnung \u00fcber Online-Streitbeilegung in Verbraucherangelegenheiten (ODR-Verordnung) m\u00f6chten wir Sie \u00fcber die Online-Streitbeilegungsplattform &hellip; Continue reading Nadruk\" \/>\n<meta property=\"og:url\" content=\"https:\/\/www.beata-pavlicek.de\/pl\/przykladowa-strona\/\" \/>\n<meta property=\"og:site_name\" content=\"Poradnictwo \u017cywieniowe Beata Pavlicek\" \/>\n<meta property=\"article:modified_time\" content=\"2024-09-15T14:15:50+00:00\" \/>\n<meta name=\"twitter:card\" content=\"summary_large_image\" \/>\n<meta name=\"twitter:label1\" content=\"Szacowany czas czytania\" \/>\n\t<meta name=\"twitter:data1\" content=\"2 minuty\" \/>\n<script type=\"application\/ld+json\" class=\"yoast-schema-graph\">{\"@context\":\"https:\\\/\\\/schema.org\",\"@graph\":[{\"@type\":\"WebPage\",\"@id\":\"https:\\\/\\\/www.beata-pavlicek.de\\\/pl\\\/przykladowa-strona\\\/\",\"url\":\"https:\\\/\\\/www.beata-pavlicek.de\\\/pl\\\/przykladowa-strona\\\/\",\"name\":\"Nadruk - Poradnictwo \u017cywieniowe Beata Pavlicek\",\"isPartOf\":{\"@id\":\"https:\\\/\\\/www.beata-pavlicek.de\\\/pl\\\/#website\"},\"datePublished\":\"2021-10-25T08:51:43+00:00\",\"dateModified\":\"2024-09-15T14:15:50+00:00\",\"breadcrumb\":{\"@id\":\"https:\\\/\\\/www.beata-pavlicek.de\\\/pl\\\/przykladowa-strona\\\/#breadcrumb\"},\"inLanguage\":\"pl-PL\",\"potentialAction\":[{\"@type\":\"ReadAction\",\"target\":[\"https:\\\/\\\/www.beata-pavlicek.de\\\/pl\\\/przykladowa-strona\\\/\"]}]},{\"@type\":\"BreadcrumbList\",\"@id\":\"https:\\\/\\\/www.beata-pavlicek.de\\\/pl\\\/przykladowa-strona\\\/#breadcrumb\",\"itemListElement\":[{\"@type\":\"ListItem\",\"position\":1,\"name\":\"Startseite\",\"item\":\"https:\\\/\\\/www.beata-pavlicek.de\\\/pl\\\/\"},{\"@type\":\"ListItem\",\"position\":2,\"name\":\"Nadruk\"}]},{\"@type\":\"WebSite\",\"@id\":\"https:\\\/\\\/www.beata-pavlicek.de\\\/pl\\\/#website\",\"url\":\"https:\\\/\\\/www.beata-pavlicek.de\\\/pl\\\/\",\"name\":\"Ernaehrungsberatung Beata Pavlicek\",\"description\":\"Poradnictwo \u017cywieniowe Beata Pavlicek\",\"potentialAction\":[{\"@type\":\"SearchAction\",\"target\":{\"@type\":\"EntryPoint\",\"urlTemplate\":\"https:\\\/\\\/www.beata-pavlicek.de\\\/pl\\\/?s={search_term_string}\"},\"query-input\":{\"@type\":\"PropertyValueSpecification\",\"valueRequired\":true,\"valueName\":\"search_term_string\"}}],\"inLanguage\":\"pl-PL\"}]}<\/script>\n<!-- \/ Yoast SEO Premium plugin. -->","yoast_head_json":{"title":"Nadruk - Poradnictwo \u017cywieniowe Beata Pavlicek","robots":{"index":"index","follow":"follow","max-snippet":"max-snippet:-1","max-image-preview":"max-image-preview:large","max-video-preview":"max-video-preview:-1"},"canonical":"https:\/\/www.beata-pavlicek.de\/pl\/przykladowa-strona\/","og_locale":"pl_PL","og_type":"article","og_title":"Nadruk","og_description":"[vc_row][vc_column][vc_column_text css=&#8221;&#8221;] Informationspflicht laut \u00a7 5 DDG. Beata Pavlicek Bergedorfer Markt 2 21029 Hamburg Deutschland Tel.: +49 (176) 503 573 05E-Mail: info@beata-pavlicek.de Aufsichtsbeh\u00f6rdeDer Hamburgische Beauftragte f\u00fcr Datenschutz und InformationsfreiheitWebseite der Aufsichtsbeh\u00f6rdehttps:\/\/www.datenschutz-hamburg.de\/Anschrift der Aufsichtsbeh\u00f6rdeKlosterwall 6 (Block C), 20095 Hamburg Rozwi\u0105zywanie spor\u00f3w w UE Gem\u00e4\u00df Verordnung \u00fcber Online-Streitbeilegung in Verbraucherangelegenheiten (ODR-Verordnung) m\u00f6chten wir Sie \u00fcber die Online-Streitbeilegungsplattform &hellip; Continue reading Nadruk","og_url":"https:\/\/www.beata-pavlicek.de\/pl\/przykladowa-strona\/","og_site_name":"Poradnictwo \u017cywieniowe Beata Pavlicek","article_modified_time":"2024-09-15T14:15:50+00:00","twitter_card":"summary_large_image","twitter_misc":{"Szacowany czas czytania":"2 minuty"},"schema":{"@context":"https:\/\/schema.org","@graph":[{"@type":"WebPage","@id":"https:\/\/www.beata-pavlicek.de\/pl\/przykladowa-strona\/","url":"https:\/\/www.beata-pavlicek.de\/pl\/przykladowa-strona\/","name":"Nadruk - Poradnictwo \u017cywieniowe Beata Pavlicek","isPartOf":{"@id":"https:\/\/www.beata-pavlicek.de\/pl\/#website"},"datePublished":"2021-10-25T08:51:43+00:00","dateModified":"2024-09-15T14:15:50+00:00","breadcrumb":{"@id":"https:\/\/www.beata-pavlicek.de\/pl\/przykladowa-strona\/#breadcrumb"},"inLanguage":"pl-PL","potentialAction":[{"@type":"ReadAction","target":["https:\/\/www.beata-pavlicek.de\/pl\/przykladowa-strona\/"]}]},{"@type":"BreadcrumbList","@id":"https:\/\/www.beata-pavlicek.de\/pl\/przykladowa-strona\/#breadcrumb","itemListElement":[{"@type":"ListItem","position":1,"name":"Startseite","item":"https:\/\/www.beata-pavlicek.de\/pl\/"},{"@type":"ListItem","position":2,"name":"Nadruk"}]},{"@type":"WebSite","@id":"https:\/\/www.beata-pavlicek.de\/pl\/#website","url":"https:\/\/www.beata-pavlicek.de\/pl\/","name":"Ernaehrungsberatung Beata Pavlicek","description":"Poradnictwo \u017cywieniowe Beata Pavlicek","potentialAction":[{"@type":"SearchAction","target":{"@type":"EntryPoint","urlTemplate":"https:\/\/www.beata-pavlicek.de\/pl\/?s={search_term_string}"},"query-input":{"@type":"PropertyValueSpecification","valueRequired":true,"valueName":"search_term_string"}}],"inLanguage":"pl-PL"}]}},"_links":{"self":[{"href":"https:\/\/www.beata-pavlicek.de\/pl\/wp-json\/wp\/v2\/pages\/4837","targetHints":{"allow":["GET"]}}],"collection":[{"href":"https:\/\/www.beata-pavlicek.de\/pl\/wp-json\/wp\/v2\/pages"}],"about":[{"href":"https:\/\/www.beata-pavlicek.de\/pl\/wp-json\/wp\/v2\/types\/page"}],"author":[{"embeddable":true,"href":"https:\/\/www.beata-pavlicek.de\/pl\/wp-json\/wp\/v2\/users\/1"}],"replies":[{"embeddable":true,"href":"https:\/\/www.beata-pavlicek.de\/pl\/wp-json\/wp\/v2\/comments?post=4837"}],"version-history":[{"count":3,"href":"https:\/\/www.beata-pavlicek.de\/pl\/wp-json\/wp\/v2\/pages\/4837\/revisions"}],"predecessor-version":[{"id":6055,"href":"https:\/\/www.beata-pavlicek.de\/pl\/wp-json\/wp\/v2\/pages\/4837\/revisions\/6055"}],"wp:attachment":[{"href":"https:\/\/www.beata-pavlicek.de\/pl\/wp-json\/wp\/v2\/media?parent=4837"}],"curies":[{"name":"wp","href":"https:\/\/api.w.org\/{rel}","templated":true}]}}