{"id":4875,"date":"2021-10-25T10:52:10","date_gmt":"2021-10-25T08:52:10","guid":{"rendered":"https:\/\/beata-pavlicek.de\/nasz-zespol\/"},"modified":"2021-10-25T10:53:38","modified_gmt":"2021-10-25T08:53:38","slug":"nasz-zespol","status":"publish","type":"page","link":"https:\/\/www.beata-pavlicek.de\/pl\/nasz-zespol\/","title":{"rendered":"Nasz zesp\u00f3\u0142"},"content":{"rendered":"<div class=\"wpb-content-wrapper\"><p>\t\t\t\t[vc_row tm_bgimagefixed=&#8221;&#8221; tm_responsive_css=&#8221;20115301|colbreak_no|||||||||colbreak_no|||||||||colbreak_no|||||50px||20px|||colbreak_no|||||||||&#8221;][vc_column]<div class=\"themetechmount-boxes themetechmount-boxes-team themetechmount-boxes-view-default themetechmount-boxes-col-four themetechmount-boxes-sortable-no themetechmount-boxes-textalign-center tm-cta3-rev-heading\">\n\t\t<div class=\"themetechmount-boxes-inner themetechmount-boxes-team-inner \"><div class=\"themetechmount-box-heading-wrapper tm-element-align-center\"><div class=\"tm-element-heading-wrapper tm-heading-inner tm-element-align-center tm-seperator-solid tm-heading-style-vertical \"><section class=\"tm-vc_cta3-container\"><div class=\"tm-vc_general tm-vc_cta3 tm-cta3-only tm-vc_cta3-style-classic tm-vc_cta3-shape-rounded tm-vc_cta3-align-center tm-vc_cta3-color-transparent tm-vc_cta3-icon-size-md tm-vc_cta3-actions-no tm-cta3-without-desc\"><div class=\"tm-vc_cta3_content-container\"><div class=\"tm-vc_cta3-content\"><header class=\"tm-vc_cta3-content-header tm-wrap\"><div class=\"tm-vc_cta3-headers tm-wrap-cell\"><h4 class=\"tm-custom-heading \" >TEAM MEMBERS<\/h4>\n<h2 class=\"tm-custom-heading \" >Team Behind Our Success<\/h2>\n<\/div><\/header><\/div><\/div><\/div><\/section><\/div> <!-- .tm-element-heading-wrapper container --> <\/div> <!-- .tm-element-heading-wrapper container --> \n\t\t\t\n\t\t\t<div class=\"row multi-columns-row themetechmount-boxes-row-wrapper\">\n\t\t\t\t<div class=\"tm-box-col-wrapper col-lg-3 col-sm-6 col-md-3 col-xs-12 \"><article class=\"themetechmount-box themetechmount-box-team themetechmount-teambox-view-style2\">\n\t<div class=\"themetechmount-post-item\">\n\t\t<div class=\"themetechmount-content-inner\">\n\t\t\t<div class=\"themetechmount-team-image-box\">\n\t\t\t\t\n\t\t<span class=\"themetechmount-item-thumbnail\">\n\t\t\t<span class=\"themetechmount-item-thumbnail-inner\">\n\t\t\t\t<img fetchpriority=\"high\" decoding=\"async\" width=\"480\" height=\"515\" src=\"https:\/\/www.beata-pavlicek.de\/wp-content\/uploads\/2021\/03\/bp_garten1-480x515.jpg\" class=\"attachment-themetechmount-img-team-member size-themetechmount-img-team-member wp-post-image\" alt=\"\" data-id=\"4572\" \/>\n\t\t\t<\/span>\n\t\t<\/span>\t\t\t\t<div class=\"themetechmount-box-social-links\"><\/div>\n\t\t\t<\/div>\n\t\t\t<div class=\"themetechmount-box-content\">\t\t\t\n\t\t\t\t<div class=\"themetechmount-box-title\"><h4><a href=\"https:\/\/www.beata-pavlicek.de\/pl\/cz\u0142onkowie-zespo\u0142u\/beata-pavlicek\/\">Beata Pavlicek<\/a><\/h4><\/div>\t\n\t\t\t\t<div class=\"themetechmount-team-position\"><\/div>\t\t\t\t\t\t\t\t\t\t\n\t\t\t<\/div>\t\t\t\t\n\t\t<\/div>\t\n\t<\/div>\n<\/article>\n <\/div>\n\t\t\t<\/div>\n\t\t<\/div><!-- .themetechmount-boxes-inner -->   <\/div><!-- .themetechmount-boxes -->  [\/vc_column][\/vc_row][vc_row tm_bgcolor=&#8221;grey&#8221; tm_bgimagefixed=&#8221;&#8221; full_width=&#8221;stretch_row&#8221; css=&#8221;.vc_custom_1554900010212{padding-top: 40px !important;padding-bottom: 40px !important;}&#8221;][vc_column]<div class=\"themetechmount-boxes themetechmount-boxes-client themetechmount-boxes-view-carousel themetechmount-boxes-col-five themetechmount-boxes-sortable- themetechmount-boxes-textalign-center tm-cta3-rev-heading tm-boxes-carousel-arrows-above tm-boxes-txtalign-center\" data-tm-speed=\"1500\" data-tm-autoplay=\"1\" data-tm-autoplayspeed=\"4500\" data-tm-loop=\"1\" data-tm-dots=\"0\" data-tm-nav=\"above\" data-tm-centermode=\"0\" data-tm-centerpadding=\"300\" data-tm-pauseonfocus=\"1\" data-tm-pauseonhover=\"1\" data-tm-slidestoscroll=\"column\" data-tm-effecttype=\"slide\">\n\t\t<div class=\"themetechmount-boxes-inner themetechmount-boxes-client-inner \">\n\t\t\t\n\t\t\t<div class=\"row multi-columns-row themetechmount-boxes-row-wrapper\">\n\t\t\t\t<div class=\"tm-box-col-wrapper col-lg-20percent col-sm-4 col-md-4 col-xs-12 \"><div class=\"tm-client-logo-box-w\"><span class=\"themetechmount-box themetechmount-box-client themetechmount-box-view-simple-logo themetechmount-client-box-view-simple-logo\">\n\t\n\t\t<span class=\"themetechmount-item-thumbnail\">\n\t\t\t<span class=\"themetechmount-item-thumbnail-inner\">\n\t\t\t\t<img decoding=\"async\" width=\"180\" height=\"41\" src=\"https:\/\/www.beata-pavlicek.de\/wp-content\/uploads\/2019\/03\/client-one.png\" class=\"attachment-full size-full wp-post-image\" alt=\"\" data-id=\"4518\" \/>\n\t\t\t<\/span>\n\t\t<\/span><\/span>\n<\/div><!-- .tm-client-logo-box-w --> <\/div><div class=\"tm-box-col-wrapper col-lg-20percent col-sm-4 col-md-4 col-xs-12 \"><div class=\"tm-client-logo-box-w\"><span class=\"themetechmount-box themetechmount-box-client themetechmount-box-view-simple-logo themetechmount-client-box-view-simple-logo\">\n\t\n\t\t<span class=\"themetechmount-item-thumbnail\">\n\t\t\t<span class=\"themetechmount-item-thumbnail-inner\">\n\t\t\t\t<img decoding=\"async\" width=\"180\" height=\"41\" src=\"https:\/\/www.beata-pavlicek.de\/wp-content\/uploads\/2019\/03\/client-one.png\" class=\"attachment-full size-full wp-post-image\" alt=\"\" data-id=\"4518\" \/>\n\t\t\t<\/span>\n\t\t<\/span><\/span>\n<\/div><!-- .tm-client-logo-box-w --> <\/div><div class=\"tm-box-col-wrapper col-lg-20percent col-sm-4 col-md-4 col-xs-12 \"><div class=\"tm-client-logo-box-w\"><span class=\"themetechmount-box themetechmount-box-client themetechmount-box-view-simple-logo themetechmount-client-box-view-simple-logo\">\n\t\n\t\t<span class=\"themetechmount-item-thumbnail\">\n\t\t\t<span class=\"themetechmount-item-thumbnail-inner\">\n\t\t\t\t<img decoding=\"async\" width=\"180\" height=\"41\" src=\"https:\/\/www.beata-pavlicek.de\/wp-content\/uploads\/2019\/03\/client-one.png\" class=\"attachment-full size-full wp-post-image\" alt=\"\" data-id=\"4518\" \/>\n\t\t\t<\/span>\n\t\t<\/span><\/span>\n<\/div><!-- .tm-client-logo-box-w --> <\/div><div class=\"tm-box-col-wrapper col-lg-20percent col-sm-4 col-md-4 col-xs-12 \"><div class=\"tm-client-logo-box-w\"><span class=\"themetechmount-box themetechmount-box-client themetechmount-box-view-simple-logo themetechmount-client-box-view-simple-logo\">\n\t\n\t\t<span class=\"themetechmount-item-thumbnail\">\n\t\t\t<span class=\"themetechmount-item-thumbnail-inner\">\n\t\t\t\t<img decoding=\"async\" width=\"180\" height=\"41\" src=\"https:\/\/www.beata-pavlicek.de\/wp-content\/uploads\/2019\/03\/client-one.png\" class=\"attachment-full size-full wp-post-image\" alt=\"\" data-id=\"4518\" \/>\n\t\t\t<\/span>\n\t\t<\/span><\/span>\n<\/div><!-- .tm-client-logo-box-w --> <\/div><div class=\"tm-box-col-wrapper col-lg-20percent col-sm-4 col-md-4 col-xs-12 \"><div class=\"tm-client-logo-box-w\"><span class=\"themetechmount-box themetechmount-box-client themetechmount-box-view-simple-logo themetechmount-client-box-view-simple-logo\">\n\t\n\t\t<span class=\"themetechmount-item-thumbnail\">\n\t\t\t<span class=\"themetechmount-item-thumbnail-inner\">\n\t\t\t\t<img decoding=\"async\" width=\"180\" height=\"41\" src=\"https:\/\/www.beata-pavlicek.de\/wp-content\/uploads\/2019\/03\/client-one.png\" class=\"attachment-full size-full wp-post-image\" alt=\"\" data-id=\"4518\" \/>\n\t\t\t<\/span>\n\t\t<\/span><\/span>\n<\/div><!-- .tm-client-logo-box-w --> <\/div><div class=\"tm-box-col-wrapper col-lg-20percent col-sm-4 col-md-4 col-xs-12 \"><div class=\"tm-client-logo-box-w\"><span class=\"themetechmount-box themetechmount-box-client themetechmount-box-view-simple-logo themetechmount-client-box-view-simple-logo\">\n\t\n\t\t<span class=\"themetechmount-item-thumbnail\">\n\t\t\t<span class=\"themetechmount-item-thumbnail-inner\">\n\t\t\t\t<img decoding=\"async\" width=\"180\" height=\"41\" src=\"https:\/\/www.beata-pavlicek.de\/wp-content\/uploads\/2019\/03\/client-one.png\" class=\"attachment-full size-full wp-post-image\" alt=\"\" data-id=\"4518\" \/>\n\t\t\t<\/span>\n\t\t<\/span><\/span>\n<\/div><!-- .tm-client-logo-box-w --> <\/div>\n\t\t\t<\/div>\n\t\t<\/div><!-- .themetechmount-boxes-inner -->   <\/div><!-- .themetechmount-boxes -->  [\/vc_column][\/vc_row]\t\t<\/p>\n<\/div>","protected":false},"excerpt":{"rendered":"<p>[vc_row tm_bgimagefixed=&#8221;&#8221; tm_responsive_css=&#8221;20115301|colbreak_no|||||||||colbreak_no|||||||||colbreak_no|||||50px||20px|||colbreak_no|||||||||&#8221;][vc_column][\/vc_column][\/vc_row][vc_row tm_bgcolor=&#8221;grey&#8221; tm_bgimagefixed=&#8221;&#8221; full_width=&#8221;stretch_row&#8221; css=&#8221;.vc_custom_1554900010212{padding-top: 40px !important;padding-bottom: 40px !important;}&#8221;][vc_column][\/vc_column][\/vc_row]<\/p>\n","protected":false},"author":1,"featured_media":0,"parent":0,"menu_order":8,"comment_status":"closed","ping_status":"closed","template":"","meta":{"footnotes":""},"class_list":["post-4875","page","type-page","status-publish","hentry"],"yoast_head":"<!-- This site is optimized with the Yoast SEO Premium plugin v24.5 (Yoast SEO v27.4) - https:\/\/yoast.com\/product\/yoast-seo-premium-wordpress\/ -->\n<title>Nasz zesp\u00f3\u0142 - Poradnictwo \u017cywieniowe Beata Pavlicek<\/title>\n<meta name=\"robots\" content=\"index, follow, max-snippet:-1, max-image-preview:large, max-video-preview:-1\" \/>\n<link rel=\"canonical\" href=\"https:\/\/www.beata-pavlicek.de\/pl\/nasz-zespol\/\" \/>\n<meta property=\"og:locale\" content=\"pl_PL\" \/>\n<meta property=\"og:type\" content=\"article\" \/>\n<meta property=\"og:title\" content=\"Nasz zesp\u00f3\u0142\" \/>\n<meta property=\"og:description\" content=\"[vc_row tm_bgimagefixed=&#8221;&#8221; tm_responsive_css=&#8221;20115301|colbreak_no|||||||||colbreak_no|||||||||colbreak_no|||||50px||20px|||colbreak_no|||||||||&#8221;][vc_column][\/vc_column][\/vc_row][vc_row tm_bgcolor=&#8221;grey&#8221; tm_bgimagefixed=&#8221;&#8221; full_width=&#8221;stretch_row&#8221; css=&#8221;.vc_custom_1554900010212{padding-top: 40px !important;padding-bottom: 40px !important;}&#8221;][vc_column][\/vc_column][\/vc_row]\" \/>\n<meta property=\"og:url\" content=\"https:\/\/www.beata-pavlicek.de\/pl\/nasz-zespol\/\" \/>\n<meta property=\"og:site_name\" content=\"Poradnictwo \u017cywieniowe Beata Pavlicek\" \/>\n<meta property=\"article:modified_time\" content=\"2021-10-25T08:53:38+00:00\" \/>\n<meta name=\"twitter:card\" content=\"summary_large_image\" \/>\n<script type=\"application\/ld+json\" class=\"yoast-schema-graph\">{\"@context\":\"https:\\\/\\\/schema.org\",\"@graph\":[{\"@type\":\"WebPage\",\"@id\":\"https:\\\/\\\/www.beata-pavlicek.de\\\/pl\\\/nasz-zespol\\\/\",\"url\":\"https:\\\/\\\/www.beata-pavlicek.de\\\/pl\\\/nasz-zespol\\\/\",\"name\":\"Nasz zesp\u00f3\u0142 - Poradnictwo \u017cywieniowe Beata Pavlicek\",\"isPartOf\":{\"@id\":\"https:\\\/\\\/www.beata-pavlicek.de\\\/pl\\\/#website\"},\"datePublished\":\"2021-10-25T08:52:10+00:00\",\"dateModified\":\"2021-10-25T08:53:38+00:00\",\"breadcrumb\":{\"@id\":\"https:\\\/\\\/www.beata-pavlicek.de\\\/pl\\\/nasz-zespol\\\/#breadcrumb\"},\"inLanguage\":\"pl-PL\",\"potentialAction\":[{\"@type\":\"ReadAction\",\"target\":[\"https:\\\/\\\/www.beata-pavlicek.de\\\/pl\\\/nasz-zespol\\\/\"]}]},{\"@type\":\"BreadcrumbList\",\"@id\":\"https:\\\/\\\/www.beata-pavlicek.de\\\/pl\\\/nasz-zespol\\\/#breadcrumb\",\"itemListElement\":[{\"@type\":\"ListItem\",\"position\":1,\"name\":\"Startseite\",\"item\":\"https:\\\/\\\/www.beata-pavlicek.de\\\/pl\\\/\"},{\"@type\":\"ListItem\",\"position\":2,\"name\":\"Nasz zesp\u00f3\u0142\"}]},{\"@type\":\"WebSite\",\"@id\":\"https:\\\/\\\/www.beata-pavlicek.de\\\/pl\\\/#website\",\"url\":\"https:\\\/\\\/www.beata-pavlicek.de\\\/pl\\\/\",\"name\":\"Ernaehrungsberatung Beata Pavlicek\",\"description\":\"Poradnictwo \u017cywieniowe Beata Pavlicek\",\"potentialAction\":[{\"@type\":\"SearchAction\",\"target\":{\"@type\":\"EntryPoint\",\"urlTemplate\":\"https:\\\/\\\/www.beata-pavlicek.de\\\/pl\\\/?s={search_term_string}\"},\"query-input\":{\"@type\":\"PropertyValueSpecification\",\"valueRequired\":true,\"valueName\":\"search_term_string\"}}],\"inLanguage\":\"pl-PL\"}]}<\/script>\n<!-- \/ Yoast SEO Premium plugin. -->","yoast_head_json":{"title":"Nasz zesp\u00f3\u0142 - Poradnictwo \u017cywieniowe Beata Pavlicek","robots":{"index":"index","follow":"follow","max-snippet":"max-snippet:-1","max-image-preview":"max-image-preview:large","max-video-preview":"max-video-preview:-1"},"canonical":"https:\/\/www.beata-pavlicek.de\/pl\/nasz-zespol\/","og_locale":"pl_PL","og_type":"article","og_title":"Nasz zesp\u00f3\u0142","og_description":"[vc_row tm_bgimagefixed=&#8221;&#8221; tm_responsive_css=&#8221;20115301|colbreak_no|||||||||colbreak_no|||||||||colbreak_no|||||50px||20px|||colbreak_no|||||||||&#8221;][vc_column][\/vc_column][\/vc_row][vc_row tm_bgcolor=&#8221;grey&#8221; tm_bgimagefixed=&#8221;&#8221; full_width=&#8221;stretch_row&#8221; css=&#8221;.vc_custom_1554900010212{padding-top: 40px !important;padding-bottom: 40px !important;}&#8221;][vc_column][\/vc_column][\/vc_row]","og_url":"https:\/\/www.beata-pavlicek.de\/pl\/nasz-zespol\/","og_site_name":"Poradnictwo \u017cywieniowe Beata Pavlicek","article_modified_time":"2021-10-25T08:53:38+00:00","twitter_card":"summary_large_image","schema":{"@context":"https:\/\/schema.org","@graph":[{"@type":"WebPage","@id":"https:\/\/www.beata-pavlicek.de\/pl\/nasz-zespol\/","url":"https:\/\/www.beata-pavlicek.de\/pl\/nasz-zespol\/","name":"Nasz zesp\u00f3\u0142 - Poradnictwo \u017cywieniowe Beata Pavlicek","isPartOf":{"@id":"https:\/\/www.beata-pavlicek.de\/pl\/#website"},"datePublished":"2021-10-25T08:52:10+00:00","dateModified":"2021-10-25T08:53:38+00:00","breadcrumb":{"@id":"https:\/\/www.beata-pavlicek.de\/pl\/nasz-zespol\/#breadcrumb"},"inLanguage":"pl-PL","potentialAction":[{"@type":"ReadAction","target":["https:\/\/www.beata-pavlicek.de\/pl\/nasz-zespol\/"]}]},{"@type":"BreadcrumbList","@id":"https:\/\/www.beata-pavlicek.de\/pl\/nasz-zespol\/#breadcrumb","itemListElement":[{"@type":"ListItem","position":1,"name":"Startseite","item":"https:\/\/www.beata-pavlicek.de\/pl\/"},{"@type":"ListItem","position":2,"name":"Nasz zesp\u00f3\u0142"}]},{"@type":"WebSite","@id":"https:\/\/www.beata-pavlicek.de\/pl\/#website","url":"https:\/\/www.beata-pavlicek.de\/pl\/","name":"Ernaehrungsberatung Beata Pavlicek","description":"Poradnictwo \u017cywieniowe Beata Pavlicek","potentialAction":[{"@type":"SearchAction","target":{"@type":"EntryPoint","urlTemplate":"https:\/\/www.beata-pavlicek.de\/pl\/?s={search_term_string}"},"query-input":{"@type":"PropertyValueSpecification","valueRequired":true,"valueName":"search_term_string"}}],"inLanguage":"pl-PL"}]}},"_links":{"self":[{"href":"https:\/\/www.beata-pavlicek.de\/pl\/wp-json\/wp\/v2\/pages\/4875","targetHints":{"allow":["GET"]}}],"collection":[{"href":"https:\/\/www.beata-pavlicek.de\/pl\/wp-json\/wp\/v2\/pages"}],"about":[{"href":"https:\/\/www.beata-pavlicek.de\/pl\/wp-json\/wp\/v2\/types\/page"}],"author":[{"embeddable":true,"href":"https:\/\/www.beata-pavlicek.de\/pl\/wp-json\/wp\/v2\/users\/1"}],"replies":[{"embeddable":true,"href":"https:\/\/www.beata-pavlicek.de\/pl\/wp-json\/wp\/v2\/comments?post=4875"}],"version-history":[{"count":0,"href":"https:\/\/www.beata-pavlicek.de\/pl\/wp-json\/wp\/v2\/pages\/4875\/revisions"}],"wp:attachment":[{"href":"https:\/\/www.beata-pavlicek.de\/pl\/wp-json\/wp\/v2\/media?parent=4875"}],"curies":[{"name":"wp","href":"https:\/\/api.w.org\/{rel}","templated":true}]}}